{"id":111,"date":"2021-06-05T08:11:58","date_gmt":"2021-06-05T06:11:58","guid":{"rendered":"http:\/\/delphin-duisburg.de\/?page_id=111"},"modified":"2023-02-07T20:05:00","modified_gmt":"2023-02-07T19:05:00","slug":"impressum","status":"publish","type":"page","link":"https:\/\/delphin-duisburg.de\/?page_id=111","title":{"rendered":"Impressum"},"content":{"rendered":"\n<h1 class=\"wp-block-heading\">Impressum<\/h1>\n\n\n\n<h2 class=\"wp-block-heading\"><br>Anbieterinformationen<\/h2>\n\n\n\n<p>BV Delphin Duisburg e.V.<br>vertreten durch<br>Michael Ihde ( 1. Vorsitzender )<br><\/p>\n\n\n\n<h2 class=\"wp-block-heading\"><br>Bankverbindung<\/h2>\n\n\n\n<p>Inhaber: Bowlingverein Delphin Duisburg e.V.<br>Bank: Sparkasse Duisburg<br>IBAN: DE78 3505 0000 0200 4321 77<br>BIC:\u00a0DUISDE33XXX<\/p>\n\n\n\n<h2 class=\"wp-block-heading\"><br>Technische Angaben<\/h2>\n\n\n\n<p>Technisch Verantwortlicher: Michael Wicht<\/p>\n\n\n\n<h2 class=\"wp-block-heading\"><br>Weitere Informationen<\/h2>\n\n\n\n<p><a href=\"http:\/\/delphin-duisburg.de\/?page_id=126\">Allg. Nutzungsbedingungen anzeigen<\/a><br><a href=\"http:\/\/delphin-duisburg.de\/?page_id=123\">Verhaltensregeln anzeigen<\/a><br><a href=\"http:\/\/delphin-duisburg.de\/?page_id=102\">Erkl\u00e4rung zum Datenschutz anzeigen<\/a><br><a href=\"http:\/\/delphin-duisburg.de\/?page_id=120\" data-type=\"URL\">Haftungshinweise (Disclaimer) anzeigen<\/a><\/p>\n\n\n\n<p><br><br>Trotz sorgf\u00e4ltiger inhaltlicher Kontrolle \u00fcbernehmen wir keine Haftung f\u00fcr die Inhalte externer Links.<br>F\u00fcr den Inhalt der verlinkten Seiten sind ausschlie\u00dflich deren Betreiber verantwortlich.<br>Alle hier verwendeten Namen, Begriffe, Zeichen und Grafiken k\u00f6nnen Marken- oder Warenzeichen im Besitze ihrer rechtlichen Eigent\u00fcmer sein.<br>Die Rechte aller erw\u00e4hnten und benutzten Marken- und Warenzeichen liegen ausschlie\u00dflich bei deren Besitzern.<\/p>\n","protected":false},"excerpt":{"rendered":"<p>Impressum Anbieterinformationen BV Delphin Duisburg e.V.vertreten durchMichael Ihde ( 1. Vorsitzender ) Bankverbindung Inhaber: Bowlingverein Delphin Duisburg e.V.Bank: Sparkasse DuisburgIBAN: DE78 3505 0000 0200 4321 77BIC:\u00a0DUISDE33XXX Technische Angaben Technisch Verantwortlicher: Michael Wicht Weitere Informationen Allg. Nutzungsbedingungen anzeigenVerhaltensregeln anzeigenErkl\u00e4rung zum Datenschutz anzeigenHaftungshinweise (Disclaimer) anzeigen Trotz sorgf\u00e4ltiger inhaltlicher Kontrolle \u00fcbernehmen wir keine Haftung f\u00fcr die Inhalte externer [&hellip;]<\/p>\n","protected":false},"author":1,"featured_media":0,"parent":0,"menu_order":0,"comment_status":"closed","ping_status":"closed","template":"","meta":{"ngg_post_thumbnail":0,"footnotes":""},"categories":[],"tags":[],"folder":[],"class_list":["post-111","page","type-page","status-publish","hentry"],"featured_image_src":null,"_links":{"self":[{"href":"https:\/\/delphin-duisburg.de\/index.php?rest_route=\/wp\/v2\/pages\/111","targetHints":{"allow":["GET"]}}],"collection":[{"href":"https:\/\/delphin-duisburg.de\/index.php?rest_route=\/wp\/v2\/pages"}],"about":[{"href":"https:\/\/delphin-duisburg.de\/index.php?rest_route=\/wp\/v2\/types\/page"}],"author":[{"embeddable":true,"href":"https:\/\/delphin-duisburg.de\/index.php?rest_route=\/wp\/v2\/users\/1"}],"replies":[{"embeddable":true,"href":"https:\/\/delphin-duisburg.de\/index.php?rest_route=%2Fwp%2Fv2%2Fcomments&post=111"}],"version-history":[{"count":8,"href":"https:\/\/delphin-duisburg.de\/index.php?rest_route=\/wp\/v2\/pages\/111\/revisions"}],"predecessor-version":[{"id":1030,"href":"https:\/\/delphin-duisburg.de\/index.php?rest_route=\/wp\/v2\/pages\/111\/revisions\/1030"}],"wp:attachment":[{"href":"https:\/\/delphin-duisburg.de\/index.php?rest_route=%2Fwp%2Fv2%2Fmedia&parent=111"}],"wp:term":[{"taxonomy":"category","embeddable":true,"href":"https:\/\/delphin-duisburg.de\/index.php?rest_route=%2Fwp%2Fv2%2Fcategories&post=111"},{"taxonomy":"post_tag","embeddable":true,"href":"https:\/\/delphin-duisburg.de\/index.php?rest_route=%2Fwp%2Fv2%2Ftags&post=111"},{"taxonomy":"folder","embeddable":true,"href":"https:\/\/delphin-duisburg.de\/index.php?rest_route=%2Fwp%2Fv2%2Ffolder&post=111"}],"curies":[{"name":"wp","href":"https:\/\/api.w.org\/{rel}","templated":true}]}}