{"id":146,"date":"2021-06-05T23:54:26","date_gmt":"2021-06-05T21:54:26","guid":{"rendered":"http:\/\/delphin-duisburg.de\/?page_id=146"},"modified":"2021-06-05T23:54:26","modified_gmt":"2021-06-05T21:54:26","slug":"entstehungsgeschichte","status":"publish","type":"page","link":"https:\/\/delphin-duisburg.de\/?page_id=146","title":{"rendered":"Entstehungsgeschichte"},"content":{"rendered":"\n<h1 class=\"wp-block-heading\">Bowling und seine Geschichte<\/h1>\n\n\n\n<p><strong>Wie wurde Bowling geboren?<\/strong><br><br>\u00dcber die Geschichte des Bowling gibt es mehrere Versionen. Sicher ist, dass Kegeln bereits in der Antike verbreitet war und dass es mit den Einwanderern nach Amerika gebracht wurde. Der Vorg\u00e4nger Kegeln soll bereits im alten \u00c4gypten bekannt gewesen sein. In den Annalen ist weiter nachzulesen, dass sich diese Sportart bereits im Mittelalter in Westeuropa heimisch f\u00fchlte. Bowling ist geschichtlich gesehen das Ergebnis einiger trickreicher \u00dcberlegungen. Deutsche und holl\u00e4ndische Auswanderer wollten in den Neuengland-Staaten nicht auf \u201eihr\u201c Kegelspiel verzichten. Also schoben sie in der neuen Welt auf Lattenbahnen die kleine Kugel, um die neun Kegel umzuwerfen. In Connecticut wurde es 1837 verboten, da oft um Geld gespielt (und betrogen) wurde. Die \u201eKegelers\u201c ersannen eine List. Man f\u00fcgte zu den neun Kegeln einen zehnten hinzu, nannte sie fortan Pins, stellte die Pins etwas anders auf und gaben dem neuen Spiel den Namen Bowling. Dies war also die Geburtsstunde einer Sportart, die sich immer rascher verbreitete und heute sogar verbreiteter ist als das urspr\u00fcngliche Kegeln. (s. a. Geschichte des Kegelns). 1891 wurde in den USA der American Bowling Congress (ABC) gegr\u00fcndet.<br><br>Dieses neue Spiel kam zu Beginn des 20. Jahrhunderts nach Europa zur\u00fcck, 1926 wurde die International Bowling Association (IBA) gegr\u00fcndet, die sich jedoch w\u00e4hrend des Zweiten Weltkrieges aufl\u00f6ste. Bowling blieb bis nach dem Zweiten Weltkrieg weitgehend unbekannt. Erst in den F\u00fcnfziger- und Sechzigerjahren verbreitete sich das Spiel auf 10 Pins. Als Ursachen daf\u00fcr gelten automatische Aufstellmaschinen und erste \u00dcbertragungen im Fernsehen. Anfang der Sechzigerjahre wurden die ersten Gro\u00dfanlagen installiert. Die Gr\u00fcndung der World Tenpin Bowling Association (WTBA) erfolgte 1973.<br><br>Am 17. Februar 1929 wurde auf einer Sitzung des Gesamtvorstandes des Deutschen Keglerbundes (DKB) beschlossen, die sogenannte \u201eAmerikabahn\u201c als Bundesbahn aufzunehmen und sie als vierte Bahnart den Bahnspieltypen Asphalt, Schere und Bohle anzugliedern. Im Jahre 1931 gab es dann die ersten deutschen Einzelmeisterschaften der Herren, die Damen und Senioren folgten erstmals im Jahre 1939. Die ersten Clubmeisterschaften f\u00fcr 3er Teams wurden 1933 ins Leben gerufen. Bereits ein Jahr zuvor gab es die ersten Meisterschaften f\u00fcr Vereinsmannschaften der Herren. 1936 bei der Weltmeisterschaft in Berlin gewann Deutschland die erste Goldmedaille. Am 14. Oktober 1950 ruft die im Jahre 1949 gegr\u00fcndete \u201eArbeitsgemeinschaft f\u00fcr Sportkegler\u201c in Bielefeld wieder den \u201eDeutschen Keglerbund e.V.\u201c ins Leben. 15 Monate sp\u00e4ter, am 27. Januar 1952 schlie\u00dft sich die Bundesrepublik Deutschland dem Weltdachverband FIQ an. Am 27. September 1970 erfolgt der erste Start der neu gegr\u00fcndeten Bowling-Bundesliga der Herren mit zw\u00f6lf Clubmannschaften und drei Jahre sp\u00e4ter die der Damen. Beispielhaft f\u00fcr die vielen Erfolge deutscher Bowlingspieler\/innen sei hier die Weltmeisterschaft 1975 genannt: Anne-Dore H\u00e4fker von Hanse Hamburg wird Bowlingweltmeisterin, das deutsche Achterteam der Herren wird Weltmeister und die bundesdeutsche Damenmannschaft kann die Bronzemedaille erringen.<br><br>Bowling gilt seit 1979 als olympiaw\u00fcrdig. Bei den Olympischen Spielen 1988 geh\u00f6rte Bowling zu den Demonstrationswettbewerben, wurde jedoch nicht ins olympische Programm \u00fcbernommen.<\/p>\n\n\n\n<h1 class=\"wp-block-heading\">Bowling in Deutschland<\/h1>\n\n\n\n<p>&nbsp;<br>Seit 1929 gibt es Bowling in Deutschland, 1931 wurden die ersten Einzelmeisterschaften ausgetragen. Es gibt eine Reihe von Turnieren mit teilweise hohen Preisgeldern in Deutschland. Auch ein Ligabetrieb f\u00fcr Mannschaften mit Bundesliga und mehrgleisigen Unterligen ist seit Jahrzehnten etabliert. Die Bowling Bundesliga der Herren wurde 1971 gegr\u00fcndet, 1973 folgte die Damenbundesliga. Insgesamt spielten 55 Mannschaften bei den Herren und 53 Mannschaften bei den Damen in der h\u00f6chsten deutschen Spielklasse. Rekordmeister sind bei den Herren mit jeweils 8 Titeln der 1. BC Duisburg und ASC Spandau Berlin, wobei Spandau 2004 aufgrund der Aufl\u00f6sung des Vereins die Bundesligamannschaft zur\u00fcckziehen musste. Bei den Damen ist die Mannschaft NSF Berlin mit 12 Titeln die erfolgreichste Mannschaft aller Zeiten. Au\u00dferdem hat Bowling in den Betriebssportligen eine hohe Beteiligung.<br>&nbsp;<br>Mitgliederzahlen sind nicht einfach zu ermitteln. Bowling wird in Deutschland mit Kegeln gemeinsam gef\u00fchrt bzw. ist eine Unterart des Kegelns wie Bohle, Schere und Asphalt.<br>&nbsp;<br>W\u00e4hrend der Bowlingsport sich in den USA, Japan und auch in vielen europ\u00e4ischen L\u00e4ndern (z. B. Skandinavien) sehr gro\u00dfer Beliebtheit erfreut, bleibt er in Deutschland auch nach vielen Jahrzehnten immer noch eine Randsportart. Zwar gilt dem \u201eSpiel\u201c zumindest gewisse Aufmerksamkeit, jedoch nicht dem \u201eSport\u201c. Die Bowlingbahnen in vielen St\u00e4dten sind \u2013 nach einer Konsolidierungsphase in der 80er und 90er Jahren \u2013 oft ausgebucht, jedoch in der Regel von Hobbyspielern. Am Wochenende finden auch Turniere und Ligaspiele statt, daher sind die Bahnen oft tags\u00fcber von Vereinsspielern besetzt.<br>&nbsp;<br>Die Gr\u00fcnde f\u00fcr diese Entwicklung sind vielf\u00e4ltig.<br>&nbsp;<\/p>\n\n\n\n<ul class=\"wp-block-list\"><li>Bowlingbahnen sind in Deutschland immer auch gastronomische Betriebe, keine Sportst\u00e4tten. Das ist dem Image als ernstzunehmender Sport abtr\u00e4glich.<\/li><li>Die Gastronomie als Sportst\u00e4tte brachte dadurch, dass dort \u00fcblicherweise Rauchen erlaubt war, auch immer eine Gesundheitsbelastung mit sich. Auch dies schadete dem Image des Bowlings als ernstzunehmender Sport. Zus\u00e4tzlich schreckte dies insbesondere \u2013 allerdings nicht ausschlie\u00dflich \u2013 Nichtraucher ab (obsolet seit Inkrafttreten der Nichtraucherschutzgesetze in Deutschland im Jahr 2007).<\/li><li>Bowling ist in vielen Belangen ein teurer Sport. Das betrifft einerseits Investitionen in B\u00e4lle, Schuhe und sonstige Ausr\u00fcstung (u. a. Bowlingtasche), andererseits zus\u00e4tzliche Entgelte bei jeglicher Benutzung der Bahnen. Die Mitgliedsbeitr\u00e4ge liegen oft unter denen anderer Sportvereine, enthalten jedoch nicht die M\u00f6glichkeit zur kostenfreien Bahnbenutzung und damit zu Training, Turnieren oder Ligaspielen. Einem Vereinsspieler wird zwar \u00fcblicherweise ein gewisser Rabatt gew\u00e4hrt, trotzdem bleibt bei intensivem Training die Bahnbenutzung ein gro\u00dfer Kostenfaktor. Bei Turnieren ist ein Startgeld \u00fcblich, die Erstplatzierten in ihren Alters- und Ranglistengruppen k\u00f6nnen jedoch Preisgelder gewinnen. Auch der Verzehr von Getr\u00e4nken wird f\u00fcr die Spieler zu einem nicht unbedeutenden Kostenfaktor, sofern mitgebrachte Getr\u00e4nke verboten sind \u2013 wie in der Gastronomie \u00fcblich.<\/li><li>Bowlingbahnen gibt es in der Regel nur in gr\u00f6\u00dferen St\u00e4dten, daher gibt es aus l\u00e4ndlichen Bereichen nur wenig Nachwuchs. In den St\u00e4dten gab es bis in die Neunzigerjahre zahllose Bahnbetriebe, oft auch zusammen mit Kegeln oder Billard. Im Laufe der Achtzigerjahre verschwanden immer mehr Bahnen, diverse Gro\u00dfst\u00e4dte haben heutzutage nicht einmal halb so viele Spielm\u00f6glichkeiten wie damals. In einigen Gro\u00dfst\u00e4dten schloss sogar die einzige Bahn, sodass einige Vereine pl\u00f6tzlich ohne Sportst\u00e4tte dastanden. Im Laufe der letzten Jahre sind einige Bahnen neu er\u00f6ffnet worden, die Spieler von einst kehren nach jahrelanger Abstinenz jedoch oft nicht mehr zur\u00fcck. Au\u00dferhalb der St\u00e4dte gibt es noch vereinzelt Bowlingbahnen, bei denen die Pins wie beim Kegeln an Schn\u00fcren aufgeh\u00e4ngt sind. Diese Bahnen erlauben allerdings kein vergleichbares Training, weil sich die Pins anders verhalten als bei Turnierbahnen.<\/li><li>Im Fernsehen ist Bowling wenig pr\u00e4sent. Lediglich der Spartensender Eurosport zeigt einzelne Turniere.<\/li><\/ul>\n\n\n\n<p>Quelle :&nbsp;<a href=\"http:\/\/de.wikipedia.org\/wiki\/Bowling\" target=\"_blank\" rel=\"noreferrer noopener\">Wikipedia<\/a><\/p>\n","protected":false},"excerpt":{"rendered":"<p>Bowling und seine Geschichte Wie wurde Bowling geboren? \u00dcber die Geschichte des Bowling gibt es mehrere Versionen. Sicher ist, dass Kegeln bereits in der Antike verbreitet war und dass es mit den Einwanderern nach Amerika gebracht wurde. Der Vorg\u00e4nger Kegeln soll bereits im alten \u00c4gypten bekannt gewesen sein. In den Annalen ist weiter nachzulesen, dass [&hellip;]<\/p>\n","protected":false},"author":1,"featured_media":0,"parent":0,"menu_order":0,"comment_status":"closed","ping_status":"closed","template":"","meta":{"ngg_post_thumbnail":0,"footnotes":""},"categories":[],"tags":[],"folder":[],"class_list":["post-146","page","type-page","status-publish","hentry"],"featured_image_src":null,"_links":{"self":[{"href":"https:\/\/delphin-duisburg.de\/index.php?rest_route=\/wp\/v2\/pages\/146","targetHints":{"allow":["GET"]}}],"collection":[{"href":"https:\/\/delphin-duisburg.de\/index.php?rest_route=\/wp\/v2\/pages"}],"about":[{"href":"https:\/\/delphin-duisburg.de\/index.php?rest_route=\/wp\/v2\/types\/page"}],"author":[{"embeddable":true,"href":"https:\/\/delphin-duisburg.de\/index.php?rest_route=\/wp\/v2\/users\/1"}],"replies":[{"embeddable":true,"href":"https:\/\/delphin-duisburg.de\/index.php?rest_route=%2Fwp%2Fv2%2Fcomments&post=146"}],"version-history":[{"count":1,"href":"https:\/\/delphin-duisburg.de\/index.php?rest_route=\/wp\/v2\/pages\/146\/revisions"}],"predecessor-version":[{"id":147,"href":"https:\/\/delphin-duisburg.de\/index.php?rest_route=\/wp\/v2\/pages\/146\/revisions\/147"}],"wp:attachment":[{"href":"https:\/\/delphin-duisburg.de\/index.php?rest_route=%2Fwp%2Fv2%2Fmedia&parent=146"}],"wp:term":[{"taxonomy":"category","embeddable":true,"href":"https:\/\/delphin-duisburg.de\/index.php?rest_route=%2Fwp%2Fv2%2Fcategories&post=146"},{"taxonomy":"post_tag","embeddable":true,"href":"https:\/\/delphin-duisburg.de\/index.php?rest_route=%2Fwp%2Fv2%2Ftags&post=146"},{"taxonomy":"folder","embeddable":true,"href":"https:\/\/delphin-duisburg.de\/index.php?rest_route=%2Fwp%2Fv2%2Ffolder&post=146"}],"curies":[{"name":"wp","href":"https:\/\/api.w.org\/{rel}","templated":true}]}}