{"id":27,"date":"2021-06-04T18:45:37","date_gmt":"2021-06-04T16:45:37","guid":{"rendered":"http:\/\/delphin-duisburg.de\/?page_id=27"},"modified":"2022-09-04T11:08:45","modified_gmt":"2022-09-04T10:08:45","slug":"startseite-2","status":"publish","type":"page","link":"https:\/\/delphin-duisburg.de\/","title":{"rendered":"Startseite"},"content":{"rendered":"\n<h1 class=\"wp-block-heading\">Ein kleiner Bowlingverein im&nbsp;Herzen von Moers<\/h1>\n\n\n\n<p>hei\u00dft Euch auf seiner Homepage herzlich Willkommen!<\/p>\n\n\n\n<div style=\"height:20px\" aria-hidden=\"true\" class=\"wp-block-spacer\"><\/div>\n\n\n\n<div style=\"height:20px\" aria-hidden=\"true\" class=\"wp-block-spacer\"><\/div>\n\n\n\n\n\n\n\n<p>Was erwartet Euch auf unserer Vereinshomepage ?<\/p>\n\n\n\n<ul class=\"wp-block-list\"><li>Einen kurzen Einblick in unseren Verein.<\/li><li>Einen Ergebnisdienst f\u00fcr die laufende Saison.<\/li><li>Ein hilfreiches Portal f\u00fcr unsere Vereinsmitglieder.<\/li><li>Ein wenig Wissenswertes \u00fcber Bowling.<\/li><\/ul>\n\n\n\n<p>Solltest Du W\u00fcnsche, Anregungen oder Kritik haben, so schicke uns bitte ein kurzes Feedback.<br>\u00dcber einen regelm\u00e4\u00dfigen Besuch unserer Seiten w\u00fcrden wir uns sehr freuen.<\/p>\n\n\n\n<p>Aber nun genug der Worte und viel Spa\u00df beim Durchst\u00f6bern unserer Seiten.<\/p>\n\n\n\n<div style=\"height:60px\" aria-hidden=\"true\" class=\"wp-block-spacer\"><\/div>\n\n\n\n<div class=\"wp-block-columns is-layout-flex wp-container-core-columns-is-layout-28f84493 wp-block-columns-is-layout-flex\">\n<div class=\"wp-block-column is-layout-flow wp-block-column-is-layout-flow\" style=\"flex-basis:25%\">\n<figure class=\"wp-block-image size-large\"><img loading=\"lazy\" decoding=\"async\" width=\"1024\" height=\"1024\" src=\"http:\/\/delphin-duisburg.de\/wp-content\/uploads\/2022\/09\/pin1-1024x1024.png\" alt=\"\" class=\"wp-image-812\" srcset=\"https:\/\/delphin-duisburg.de\/wp-content\/uploads\/2022\/09\/pin1.png 1024w, https:\/\/delphin-duisburg.de\/wp-content\/uploads\/2022\/09\/pin1-300x300.png 300w, https:\/\/delphin-duisburg.de\/wp-content\/uploads\/2022\/09\/pin1-150x150.png 150w, https:\/\/delphin-duisburg.de\/wp-content\/uploads\/2022\/09\/pin1-768x768.png 768w\" sizes=\"auto, (max-width: 1024px) 100vw, 1024px\" \/><\/figure>\n<\/div>\n\n\n\n<div class=\"wp-block-column is-layout-flow wp-block-column-is-layout-flow\" style=\"flex-basis:50%\">\n<figure class=\"wp-block-image size-full\"><img loading=\"lazy\" decoding=\"async\" width=\"654\" height=\"585\" src=\"http:\/\/delphin-duisburg.de\/wp-content\/uploads\/2022\/09\/mitgliederwerbung.png\" alt=\"\" class=\"wp-image-816\" srcset=\"https:\/\/delphin-duisburg.de\/wp-content\/uploads\/2022\/09\/mitgliederwerbung.png 654w, https:\/\/delphin-duisburg.de\/wp-content\/uploads\/2022\/09\/mitgliederwerbung-300x268.png 300w\" sizes=\"auto, (max-width: 654px) 100vw, 654px\" \/><\/figure>\n<\/div>\n\n\n\n<div class=\"wp-block-column is-layout-flow wp-block-column-is-layout-flow\" style=\"flex-basis:25%\">\n<figure class=\"wp-block-image size-large\"><img loading=\"lazy\" decoding=\"async\" width=\"1024\" height=\"1024\" src=\"http:\/\/delphin-duisburg.de\/wp-content\/uploads\/2022\/09\/pin1a-1024x1024.png\" alt=\"\" class=\"wp-image-815\" srcset=\"https:\/\/delphin-duisburg.de\/wp-content\/uploads\/2022\/09\/pin1a.png 1024w, https:\/\/delphin-duisburg.de\/wp-content\/uploads\/2022\/09\/pin1a-300x300.png 300w, https:\/\/delphin-duisburg.de\/wp-content\/uploads\/2022\/09\/pin1a-150x150.png 150w, https:\/\/delphin-duisburg.de\/wp-content\/uploads\/2022\/09\/pin1a-768x768.png 768w\" sizes=\"auto, (max-width: 1024px) 100vw, 1024px\" \/><\/figure>\n<\/div>\n<\/div>\n\n\n\n<div style=\"height:75px\" aria-hidden=\"true\" class=\"wp-block-spacer\"><\/div>\n\n\n\n<figure class=\"wp-block-image size-large is-resized\"><img decoding=\"async\" src=\"http:\/\/delphin-duisburg.de\/wp-content\/uploads\/2022\/09\/bilb1a-1024x551.png\" alt=\"\" class=\"wp-image-825\" width=\"1150\" srcset=\"https:\/\/delphin-duisburg.de\/wp-content\/uploads\/2022\/09\/bilb1a-1024x551.png 1024w, https:\/\/delphin-duisburg.de\/wp-content\/uploads\/2022\/09\/bilb1a-300x161.png 300w, https:\/\/delphin-duisburg.de\/wp-content\/uploads\/2022\/09\/bilb1a-768x413.png 768w, https:\/\/delphin-duisburg.de\/wp-content\/uploads\/2022\/09\/bilb1a.png 1500w\" sizes=\"(max-width: 1024px) 100vw, 1024px\" \/><\/figure>\n","protected":false},"excerpt":{"rendered":"<p>Ein kleiner Bowlingverein im&nbsp;Herzen von Moers hei\u00dft Euch auf seiner Homepage herzlich Willkommen! Was erwartet Euch auf unserer Vereinshomepage ? Einen kurzen Einblick in unseren Verein. Einen Ergebnisdienst f\u00fcr die laufende Saison. Ein hilfreiches Portal f\u00fcr unsere Vereinsmitglieder. Ein wenig Wissenswertes \u00fcber Bowling. Solltest Du W\u00fcnsche, Anregungen oder Kritik haben, so schicke uns bitte ein [&hellip;]<\/p>\n","protected":false},"author":1,"featured_media":0,"parent":0,"menu_order":0,"comment_status":"closed","ping_status":"closed","template":"","meta":{"ngg_post_thumbnail":0,"footnotes":""},"categories":[],"tags":[],"folder":[],"class_list":["post-27","page","type-page","status-publish","hentry"],"featured_image_src":null,"_links":{"self":[{"href":"https:\/\/delphin-duisburg.de\/index.php?rest_route=\/wp\/v2\/pages\/27","targetHints":{"allow":["GET"]}}],"collection":[{"href":"https:\/\/delphin-duisburg.de\/index.php?rest_route=\/wp\/v2\/pages"}],"about":[{"href":"https:\/\/delphin-duisburg.de\/index.php?rest_route=\/wp\/v2\/types\/page"}],"author":[{"embeddable":true,"href":"https:\/\/delphin-duisburg.de\/index.php?rest_route=\/wp\/v2\/users\/1"}],"replies":[{"embeddable":true,"href":"https:\/\/delphin-duisburg.de\/index.php?rest_route=%2Fwp%2Fv2%2Fcomments&post=27"}],"version-history":[{"count":51,"href":"https:\/\/delphin-duisburg.de\/index.php?rest_route=\/wp\/v2\/pages\/27\/revisions"}],"predecessor-version":[{"id":829,"href":"https:\/\/delphin-duisburg.de\/index.php?rest_route=\/wp\/v2\/pages\/27\/revisions\/829"}],"wp:attachment":[{"href":"https:\/\/delphin-duisburg.de\/index.php?rest_route=%2Fwp%2Fv2%2Fmedia&parent=27"}],"wp:term":[{"taxonomy":"category","embeddable":true,"href":"https:\/\/delphin-duisburg.de\/index.php?rest_route=%2Fwp%2Fv2%2Fcategories&post=27"},{"taxonomy":"post_tag","embeddable":true,"href":"https:\/\/delphin-duisburg.de\/index.php?rest_route=%2Fwp%2Fv2%2Ftags&post=27"},{"taxonomy":"folder","embeddable":true,"href":"https:\/\/delphin-duisburg.de\/index.php?rest_route=%2Fwp%2Fv2%2Ffolder&post=27"}],"curies":[{"name":"wp","href":"https:\/\/api.w.org\/{rel}","templated":true}]}}