{"id":931,"date":"2022-12-04T16:11:05","date_gmt":"2022-12-04T15:11:05","guid":{"rendered":"https:\/\/delphin-duisburg.de\/?page_id=931"},"modified":"2022-12-04T17:22:10","modified_gmt":"2022-12-04T16:22:10","slug":"vereinsmeisterschaft-2022","status":"publish","type":"page","link":"https:\/\/delphin-duisburg.de\/?page_id=931","title":{"rendered":"Vereinsmeisterschaft 2022"},"content":{"rendered":"\n<h2 class=\"wp-block-heading\">Unsere Vereinsmeisterschaft 2022<\/h2>\n\n\n\n<p>Unsere diesj\u00e4hrige Vereinsmeisterschaft fand am 26.11.2022 statt.<\/p>\n\n\n\n<h3 class=\"wp-block-heading\">Teilnehmerfeld<\/h3>\n\n\n\n<figure class=\"wp-block-image size-full\"><img loading=\"lazy\" decoding=\"async\" width=\"1024\" height=\"653\" src=\"https:\/\/delphin-duisburg.de\/wp-content\/uploads\/2022\/12\/vm2022_teilnehmer.jpg\" alt=\"\" class=\"wp-image-954\" srcset=\"https:\/\/delphin-duisburg.de\/wp-content\/uploads\/2022\/12\/vm2022_teilnehmer.jpg 1024w, https:\/\/delphin-duisburg.de\/wp-content\/uploads\/2022\/12\/vm2022_teilnehmer-300x191.jpg 300w, https:\/\/delphin-duisburg.de\/wp-content\/uploads\/2022\/12\/vm2022_teilnehmer-768x490.jpg 768w\" sizes=\"auto, (max-width: 1024px) 100vw, 1024px\" \/><\/figure>\n\n\n\n<div style=\"height:50px\" aria-hidden=\"true\" class=\"wp-block-spacer\"><\/div>\n\n\n\n<h3 class=\"wp-block-heading\">Platzierung<\/h3>\n\n\n\n<figure class=\"wp-block-image size-large\"><img loading=\"lazy\" decoding=\"async\" width=\"1024\" height=\"845\" src=\"https:\/\/delphin-duisburg.de\/wp-content\/uploads\/2022\/12\/vm2022_podium-1024x845.png\" alt=\"\" class=\"wp-image-952\" srcset=\"https:\/\/delphin-duisburg.de\/wp-content\/uploads\/2022\/12\/vm2022_podium-1024x845.png 1024w, https:\/\/delphin-duisburg.de\/wp-content\/uploads\/2022\/12\/vm2022_podium-300x248.png 300w, https:\/\/delphin-duisburg.de\/wp-content\/uploads\/2022\/12\/vm2022_podium-768x634.png 768w, https:\/\/delphin-duisburg.de\/wp-content\/uploads\/2022\/12\/vm2022_podium.png 1145w\" sizes=\"auto, (max-width: 1024px) 100vw, 1024px\" \/><\/figure>\n\n\n\n<p>von links: Andreas Gerigk, Claus M\u00fcller, Uwe Panitz<\/p>\n\n\n\n<div style=\"height:50px\" aria-hidden=\"true\" class=\"wp-block-spacer\"><\/div>\n\n\n\n<h3 class=\"wp-block-heading\">Ergebnisse<\/h3>\n\n\n\n<figure class=\"wp-block-table is-style-stripes\"><table><tbody><tr><td>Spieler<\/td><td class=\"has-text-align-center\" data-align=\"center\">Claus M\u00fcller<\/td><td class=\"has-text-align-center\" data-align=\"center\">Andreas Gerigk<\/td><td class=\"has-text-align-center\" data-align=\"center\">Uwe Panitz<\/td><td class=\"has-text-align-center\" data-align=\"center\">Thomas Winkler<\/td><td class=\"has-text-align-center\" data-align=\"center\">Frank Anton<\/td><td class=\"has-text-align-center\" data-align=\"center\">Dieter M\u00fcller<\/td><td class=\"has-text-align-center\" data-align=\"center\">Peter L\u00f6ffler<\/td><td class=\"has-text-align-center\" data-align=\"center\">Willi Handick<\/td><td class=\"has-text-align-center\" data-align=\"center\">Thomas Gehle<\/td><td class=\"has-text-align-center\" data-align=\"center\">Michael Wicht<\/td><td class=\"has-text-align-center\" data-align=\"center\">Michael Ihde<\/td><td class=\"has-text-align-center\" data-align=\"center\">Torsten Kohlmeyer<\/td><\/tr><tr><td>HDC<\/td><td class=\"has-text-align-center\" data-align=\"center\">7<\/td><td class=\"has-text-align-center\" data-align=\"center\">6<\/td><td class=\"has-text-align-center\" data-align=\"center\">5<\/td><td class=\"has-text-align-center\" data-align=\"center\">5<\/td><td class=\"has-text-align-center\" data-align=\"center\">4<\/td><td class=\"has-text-align-center\" data-align=\"center\">9<\/td><td class=\"has-text-align-center\" data-align=\"center\">8<\/td><td class=\"has-text-align-center\" data-align=\"center\">14<\/td><td class=\"has-text-align-center\" data-align=\"center\">12<\/td><td class=\"has-text-align-center\" data-align=\"center\">1<\/td><td class=\"has-text-align-center\" data-align=\"center\">11<\/td><td class=\"has-text-align-center\" data-align=\"center\">16<\/td><\/tr><tr><td>Spiel 1<\/td><td class=\"has-text-align-center\" data-align=\"center\">190<\/td><td class=\"has-text-align-center\" data-align=\"center\">205<\/td><td class=\"has-text-align-center\" data-align=\"center\">180<\/td><td class=\"has-text-align-center\" data-align=\"center\">199<\/td><td class=\"has-text-align-center\" data-align=\"center\">183<\/td><td class=\"has-text-align-center\" data-align=\"center\">187<\/td><td class=\"has-text-align-center\" data-align=\"center\">175<\/td><td class=\"has-text-align-center\" data-align=\"center\">179<\/td><td class=\"has-text-align-center\" data-align=\"center\">154<\/td><td class=\"has-text-align-center\" data-align=\"center\">208<\/td><td class=\"has-text-align-center\" data-align=\"center\">173<\/td><td class=\"has-text-align-center\" data-align=\"center\">141<\/td><\/tr><tr><td>Spiel 2<\/td><td class=\"has-text-align-center\" data-align=\"center\">197<\/td><td class=\"has-text-align-center\" data-align=\"center\">190<\/td><td class=\"has-text-align-center\" data-align=\"center\">178<\/td><td class=\"has-text-align-center\" data-align=\"center\">152<\/td><td class=\"has-text-align-center\" data-align=\"center\">151<\/td><td class=\"has-text-align-center\" data-align=\"center\">183<\/td><td class=\"has-text-align-center\" data-align=\"center\">147<\/td><td class=\"has-text-align-center\" data-align=\"center\">164<\/td><td class=\"has-text-align-center\" data-align=\"center\">134<\/td><td class=\"has-text-align-center\" data-align=\"center\">165<\/td><td class=\"has-text-align-center\" data-align=\"center\">171<\/td><td class=\"has-text-align-center\" data-align=\"center\">166<\/td><\/tr><tr><td>Spiel 3<\/td><td class=\"has-text-align-center\" data-align=\"center\">183<\/td><td class=\"has-text-align-center\" data-align=\"center\">199<\/td><td class=\"has-text-align-center\" data-align=\"center\">211<\/td><td class=\"has-text-align-center\" data-align=\"center\">183<\/td><td class=\"has-text-align-center\" data-align=\"center\">187<\/td><td class=\"has-text-align-center\" data-align=\"center\">144<\/td><td class=\"has-text-align-center\" data-align=\"center\">163<\/td><td class=\"has-text-align-center\" data-align=\"center\">121<\/td><td class=\"has-text-align-center\" data-align=\"center\">161<\/td><td class=\"has-text-align-center\" data-align=\"center\">159<\/td><td class=\"has-text-align-center\" data-align=\"center\">140<\/td><td class=\"has-text-align-center\" data-align=\"center\">130<\/td><\/tr><tr><td>Spiel 4<\/td><td class=\"has-text-align-center\" data-align=\"center\">217<\/td><td class=\"has-text-align-center\" data-align=\"center\">190<\/td><td class=\"has-text-align-center\" data-align=\"center\">194<\/td><td class=\"has-text-align-center\" data-align=\"center\">175<\/td><td class=\"has-text-align-center\" data-align=\"center\">171<\/td><td class=\"has-text-align-center\" data-align=\"center\">188<\/td><td class=\"has-text-align-center\" data-align=\"center\">173<\/td><td class=\"has-text-align-center\" data-align=\"center\">140<\/td><td class=\"has-text-align-center\" data-align=\"center\">179<\/td><td class=\"has-text-align-center\" data-align=\"center\">163<\/td><td class=\"has-text-align-center\" data-align=\"center\">134<\/td><td class=\"has-text-align-center\" data-align=\"center\">140<\/td><\/tr><tr><td>Spiel 5<\/td><td class=\"has-text-align-center\" data-align=\"center\">199<\/td><td class=\"has-text-align-center\" data-align=\"center\">159<\/td><td class=\"has-text-align-center\" data-align=\"center\">156<\/td><td class=\"has-text-align-center\" data-align=\"center\">188<\/td><td class=\"has-text-align-center\" data-align=\"center\">203<\/td><td class=\"has-text-align-center\" data-align=\"center\">161<\/td><td class=\"has-text-align-center\" data-align=\"center\">158<\/td><td class=\"has-text-align-center\" data-align=\"center\">180<\/td><td class=\"has-text-align-center\" data-align=\"center\">161<\/td><td class=\"has-text-align-center\" data-align=\"center\">139<\/td><td class=\"has-text-align-center\" data-align=\"center\">138<\/td><td class=\"has-text-align-center\" data-align=\"center\">128<\/td><\/tr><tr><td><strong>HDC<\/strong><\/td><td class=\"has-text-align-center\" data-align=\"center\">35<\/td><td class=\"has-text-align-center\" data-align=\"center\">30<\/td><td class=\"has-text-align-center\" data-align=\"center\">25<\/td><td class=\"has-text-align-center\" data-align=\"center\">25<\/td><td class=\"has-text-align-center\" data-align=\"center\">20<\/td><td class=\"has-text-align-center\" data-align=\"center\">45<\/td><td class=\"has-text-align-center\" data-align=\"center\">40<\/td><td class=\"has-text-align-center\" data-align=\"center\">70<\/td><td class=\"has-text-align-center\" data-align=\"center\">60<\/td><td class=\"has-text-align-center\" data-align=\"center\">5<\/td><td class=\"has-text-align-center\" data-align=\"center\">55<\/td><td class=\"has-text-align-center\" data-align=\"center\">80<\/td><\/tr><tr><td><strong>Gesamt<\/strong><\/td><td class=\"has-text-align-center\" data-align=\"center\"><strong>1021<\/strong><\/td><td class=\"has-text-align-center\" data-align=\"center\"><strong>973<\/strong><\/td><td class=\"has-text-align-center\" data-align=\"center\"><strong>944<\/strong><\/td><td class=\"has-text-align-center\" data-align=\"center\"><strong>922<\/strong><\/td><td class=\"has-text-align-center\" data-align=\"center\"><strong>915<\/strong><\/td><td class=\"has-text-align-center\" data-align=\"center\"><strong>908<\/strong><\/td><td class=\"has-text-align-center\" data-align=\"center\"><strong>856<\/strong><\/td><td class=\"has-text-align-center\" data-align=\"center\"><strong>854<\/strong><\/td><td class=\"has-text-align-center\" data-align=\"center\"><strong>849<\/strong><\/td><td class=\"has-text-align-center\" data-align=\"center\"><strong>839<\/strong><\/td><td class=\"has-text-align-center\" data-align=\"center\"><strong>811<\/strong><\/td><td class=\"has-text-align-center\" data-align=\"center\"><strong>785<\/strong><\/td><\/tr><tr><td>Spiel 6<\/td><td class=\"has-text-align-center\" data-align=\"center\">166<\/td><td class=\"has-text-align-center\" data-align=\"center\">192<\/td><td class=\"has-text-align-center\" data-align=\"center\">191<\/td><td class=\"has-text-align-center\" data-align=\"center\">172<\/td><td class=\"has-text-align-center\" data-align=\"center\"><\/td><td class=\"has-text-align-center\" data-align=\"center\"><\/td><td class=\"has-text-align-center\" data-align=\"center\"><\/td><td class=\"has-text-align-center\" data-align=\"center\"><\/td><td class=\"has-text-align-center\" data-align=\"center\"><\/td><td class=\"has-text-align-center\" data-align=\"center\"><\/td><td class=\"has-text-align-center\" data-align=\"center\"><\/td><td class=\"has-text-align-center\" data-align=\"center\"><\/td><\/tr><tr><td>Spiel 7<\/td><td class=\"has-text-align-center\" data-align=\"center\">201<\/td><td class=\"has-text-align-center\" data-align=\"center\">191<\/td><td class=\"has-text-align-center\" data-align=\"center\">200<\/td><td class=\"has-text-align-center\" data-align=\"center\">159<\/td><td class=\"has-text-align-center\" data-align=\"center\"><\/td><td class=\"has-text-align-center\" data-align=\"center\"><\/td><td class=\"has-text-align-center\" data-align=\"center\"><\/td><td class=\"has-text-align-center\" data-align=\"center\"><\/td><td class=\"has-text-align-center\" data-align=\"center\"><\/td><td class=\"has-text-align-center\" data-align=\"center\"><\/td><td class=\"has-text-align-center\" data-align=\"center\"><\/td><td class=\"has-text-align-center\" data-align=\"center\"><\/td><\/tr><tr><td><strong>HDC<\/strong><\/td><td class=\"has-text-align-center\" data-align=\"center\">14<\/td><td class=\"has-text-align-center\" data-align=\"center\">12<\/td><td class=\"has-text-align-center\" data-align=\"center\">10<\/td><td class=\"has-text-align-center\" data-align=\"center\">10<\/td><td class=\"has-text-align-center\" data-align=\"center\"><\/td><td class=\"has-text-align-center\" data-align=\"center\"><\/td><td class=\"has-text-align-center\" data-align=\"center\"><\/td><td class=\"has-text-align-center\" data-align=\"center\"><\/td><td class=\"has-text-align-center\" data-align=\"center\"><\/td><td class=\"has-text-align-center\" data-align=\"center\"><\/td><td class=\"has-text-align-center\" data-align=\"center\"><\/td><td class=\"has-text-align-center\" data-align=\"center\"><\/td><\/tr><tr><td><strong>Gesamt<\/strong><\/td><td class=\"has-text-align-center\" data-align=\"center\"><strong>1402<\/strong><\/td><td class=\"has-text-align-center\" data-align=\"center\"><strong>1368<\/strong><\/td><td class=\"has-text-align-center\" data-align=\"center\"><strong>1345<\/strong><\/td><td class=\"has-text-align-center\" data-align=\"center\"><strong>1263<\/strong><\/td><td class=\"has-text-align-center\" data-align=\"center\"><\/td><td class=\"has-text-align-center\" data-align=\"center\"><\/td><td class=\"has-text-align-center\" data-align=\"center\"><\/td><td class=\"has-text-align-center\" data-align=\"center\"><\/td><td class=\"has-text-align-center\" data-align=\"center\"><\/td><td class=\"has-text-align-center\" data-align=\"center\"><\/td><td class=\"has-text-align-center\" data-align=\"center\"><\/td><td class=\"has-text-align-center\" data-align=\"center\"><\/td><\/tr><tr><td>Spiel 8<\/td><td class=\"has-text-align-center\" data-align=\"center\">227<\/td><td class=\"has-text-align-center\" data-align=\"center\">191<\/td><td class=\"has-text-align-center\" data-align=\"center\"><\/td><td class=\"has-text-align-center\" data-align=\"center\"><\/td><td class=\"has-text-align-center\" data-align=\"center\"><\/td><td class=\"has-text-align-center\" data-align=\"center\"><\/td><td class=\"has-text-align-center\" data-align=\"center\"><\/td><td class=\"has-text-align-center\" data-align=\"center\"><\/td><td class=\"has-text-align-center\" data-align=\"center\"><\/td><td class=\"has-text-align-center\" data-align=\"center\"><\/td><td class=\"has-text-align-center\" data-align=\"center\"><\/td><td class=\"has-text-align-center\" data-align=\"center\"><\/td><\/tr><tr><td>Spiel 9<\/td><td class=\"has-text-align-center\" data-align=\"center\">147<\/td><td class=\"has-text-align-center\" data-align=\"center\">160<\/td><td class=\"has-text-align-center\" data-align=\"center\"><\/td><td class=\"has-text-align-center\" data-align=\"center\"><\/td><td class=\"has-text-align-center\" data-align=\"center\"><\/td><td class=\"has-text-align-center\" data-align=\"center\"><\/td><td class=\"has-text-align-center\" data-align=\"center\"><\/td><td class=\"has-text-align-center\" data-align=\"center\"><\/td><td class=\"has-text-align-center\" data-align=\"center\"><\/td><td class=\"has-text-align-center\" data-align=\"center\"><\/td><td class=\"has-text-align-center\" data-align=\"center\"><\/td><td class=\"has-text-align-center\" data-align=\"center\"><\/td><\/tr><tr><td><strong>HDC<\/strong><\/td><td class=\"has-text-align-center\" data-align=\"center\">14<\/td><td class=\"has-text-align-center\" data-align=\"center\">12<\/td><td class=\"has-text-align-center\" data-align=\"center\"><\/td><td class=\"has-text-align-center\" data-align=\"center\"><\/td><td class=\"has-text-align-center\" data-align=\"center\"><\/td><td class=\"has-text-align-center\" data-align=\"center\"><\/td><td class=\"has-text-align-center\" data-align=\"center\"><\/td><td class=\"has-text-align-center\" data-align=\"center\"><\/td><td class=\"has-text-align-center\" data-align=\"center\"><\/td><td class=\"has-text-align-center\" data-align=\"center\"><\/td><td class=\"has-text-align-center\" data-align=\"center\"><\/td><td class=\"has-text-align-center\" data-align=\"center\"><\/td><\/tr><tr><td><strong>Gesamt<\/strong><\/td><td class=\"has-text-align-center\" data-align=\"center\"><strong>1790<\/strong><\/td><td class=\"has-text-align-center\" data-align=\"center\"><strong>1731<\/strong><\/td><td class=\"has-text-align-center\" data-align=\"center\"><\/td><td class=\"has-text-align-center\" data-align=\"center\"><\/td><td class=\"has-text-align-center\" data-align=\"center\"><\/td><td class=\"has-text-align-center\" data-align=\"center\"><\/td><td class=\"has-text-align-center\" data-align=\"center\"><\/td><td class=\"has-text-align-center\" data-align=\"center\"><\/td><td class=\"has-text-align-center\" data-align=\"center\"><\/td><td class=\"has-text-align-center\" data-align=\"center\"><\/td><td class=\"has-text-align-center\" data-align=\"center\"><\/td><td class=\"has-text-align-center\" data-align=\"center\"><\/td><\/tr><\/tbody><\/table><\/figure>\n\n\n\n<div style=\"height:25px\" aria-hidden=\"true\" class=\"wp-block-spacer\"><\/div>\n\n\n\n<figure class=\"wp-block-table is-style-stripes\"><table><tbody><tr><td class=\"has-text-align-center\" data-align=\"center\">Rang<\/td><td>Name<\/td><td>Vorname<\/td><td class=\"has-text-align-center\" data-align=\"center\">Scratch<\/td><td class=\"has-text-align-center\" data-align=\"center\">Schnitt<\/td><td class=\"has-text-align-center\" data-align=\"center\">Total<\/td><td class=\"has-text-align-center\" data-align=\"center\">Schnitt<\/td><\/tr><tr><td class=\"has-text-align-center\" data-align=\"center\">1<\/td><td>M\u00fcller<\/td><td>Claus<\/td><td class=\"has-text-align-center\" data-align=\"center\">1727<\/td><td class=\"has-text-align-center\" data-align=\"center\">191,89<\/td><td class=\"has-text-align-center\" data-align=\"center\">1790<\/td><td class=\"has-text-align-center\" data-align=\"center\">198,89<\/td><\/tr><tr><td class=\"has-text-align-center\" data-align=\"center\">2<\/td><td>Gerigk<\/td><td>Andreas<\/td><td class=\"has-text-align-center\" data-align=\"center\">1677<\/td><td class=\"has-text-align-center\" data-align=\"center\">186,33<\/td><td class=\"has-text-align-center\" data-align=\"center\">1731<\/td><td class=\"has-text-align-center\" data-align=\"center\">192,33<\/td><\/tr><tr><td class=\"has-text-align-center\" data-align=\"center\">3<\/td><td>Panitz<\/td><td>Uwe<\/td><td class=\"has-text-align-center\" data-align=\"center\">1310<\/td><td class=\"has-text-align-center\" data-align=\"center\">187,14<\/td><td class=\"has-text-align-center\" data-align=\"center\">1345<\/td><td class=\"has-text-align-center\" data-align=\"center\">192,14<\/td><\/tr><tr><td class=\"has-text-align-center\" data-align=\"center\">4<\/td><td>Winkler<\/td><td>Thomas<\/td><td class=\"has-text-align-center\" data-align=\"center\">1228<\/td><td class=\"has-text-align-center\" data-align=\"center\">175,43<\/td><td class=\"has-text-align-center\" data-align=\"center\">1263<\/td><td class=\"has-text-align-center\" data-align=\"center\">180,43<\/td><\/tr><tr><td class=\"has-text-align-center\" data-align=\"center\">5<\/td><td>Anton<\/td><td>Frank<\/td><td class=\"has-text-align-center\" data-align=\"center\">895<\/td><td class=\"has-text-align-center\" data-align=\"center\">179,00<\/td><td class=\"has-text-align-center\" data-align=\"center\">915<\/td><td class=\"has-text-align-center\" data-align=\"center\">183,00<\/td><\/tr><tr><td class=\"has-text-align-center\" data-align=\"center\">6<\/td><td>M\u00fcller<\/td><td>Dieter<\/td><td class=\"has-text-align-center\" data-align=\"center\">863<\/td><td class=\"has-text-align-center\" data-align=\"center\">172,60<\/td><td class=\"has-text-align-center\" data-align=\"center\">908<\/td><td class=\"has-text-align-center\" data-align=\"center\">181,60<\/td><\/tr><tr><td class=\"has-text-align-center\" data-align=\"center\">7<\/td><td>L\u00f6ffler<\/td><td>Peter<\/td><td class=\"has-text-align-center\" data-align=\"center\">816<\/td><td class=\"has-text-align-center\" data-align=\"center\">163,20<\/td><td class=\"has-text-align-center\" data-align=\"center\">856<\/td><td class=\"has-text-align-center\" data-align=\"center\">171,20<\/td><\/tr><tr><td class=\"has-text-align-center\" data-align=\"center\">8<\/td><td>Handick<\/td><td>Willi<\/td><td class=\"has-text-align-center\" data-align=\"center\">784<\/td><td class=\"has-text-align-center\" data-align=\"center\">156,80<\/td><td class=\"has-text-align-center\" data-align=\"center\">854<\/td><td class=\"has-text-align-center\" data-align=\"center\">170,80<\/td><\/tr><tr><td class=\"has-text-align-center\" data-align=\"center\">9<\/td><td>Gehle<\/td><td>Thomas<\/td><td class=\"has-text-align-center\" data-align=\"center\">789<\/td><td class=\"has-text-align-center\" data-align=\"center\">157,80<\/td><td class=\"has-text-align-center\" data-align=\"center\">849<\/td><td class=\"has-text-align-center\" data-align=\"center\">169,80<\/td><\/tr><tr><td class=\"has-text-align-center\" data-align=\"center\">10<\/td><td>Wicht<\/td><td>Michael<\/td><td class=\"has-text-align-center\" data-align=\"center\">834<\/td><td class=\"has-text-align-center\" data-align=\"center\">166,80<\/td><td class=\"has-text-align-center\" data-align=\"center\">839<\/td><td class=\"has-text-align-center\" data-align=\"center\">167,80<\/td><\/tr><tr><td class=\"has-text-align-center\" data-align=\"center\">11<\/td><td>Ihde<\/td><td>Michael<\/td><td class=\"has-text-align-center\" data-align=\"center\">756<\/td><td class=\"has-text-align-center\" data-align=\"center\">151,20<\/td><td class=\"has-text-align-center\" data-align=\"center\">811<\/td><td class=\"has-text-align-center\" data-align=\"center\">162,20<\/td><\/tr><tr><td class=\"has-text-align-center\" data-align=\"center\">12<\/td><td>Kohlmeyer<\/td><td>Torsten<\/td><td class=\"has-text-align-center\" data-align=\"center\">705<\/td><td class=\"has-text-align-center\" data-align=\"center\">141,00<\/td><td class=\"has-text-align-center\" data-align=\"center\">785<\/td><td class=\"has-text-align-center\" data-align=\"center\">157,00<\/td><\/tr><\/tbody><\/table><\/figure>\n\n\n\n<div style=\"height:50px\" aria-hidden=\"true\" class=\"wp-block-spacer\"><\/div>\n\n\n\n<h3 class=\"wp-block-heading\">Bericht<\/h3>\n\n\n\n<p>Bericht folgt!<\/p>\n\n\n\n<p>Herzlichen Gl\u00fcckwunsch an unseren neuen Vereinsmeister und allen Platzierten.<\/p>\n\n\n\n<p><\/p>\n","protected":false},"excerpt":{"rendered":"<p>Unsere Vereinsmeisterschaft 2022 Unsere diesj\u00e4hrige Vereinsmeisterschaft fand am 26.11.2022 statt. Teilnehmerfeld Platzierung von links: Andreas Gerigk, Claus M\u00fcller, Uwe Panitz Ergebnisse Spieler Claus M\u00fcller Andreas Gerigk Uwe Panitz Thomas Winkler Frank Anton Dieter M\u00fcller Peter L\u00f6ffler Willi Handick Thomas Gehle Michael Wicht Michael Ihde Torsten Kohlmeyer HDC 7 6 5 5 4 9 8 14 [&hellip;]<\/p>\n","protected":false},"author":1,"featured_media":0,"parent":0,"menu_order":0,"comment_status":"closed","ping_status":"closed","template":"","meta":{"ngg_post_thumbnail":0,"footnotes":""},"categories":[],"tags":[],"folder":[],"class_list":["post-931","page","type-page","status-publish","hentry"],"featured_image_src":null,"_links":{"self":[{"href":"https:\/\/delphin-duisburg.de\/index.php?rest_route=\/wp\/v2\/pages\/931","targetHints":{"allow":["GET"]}}],"collection":[{"href":"https:\/\/delphin-duisburg.de\/index.php?rest_route=\/wp\/v2\/pages"}],"about":[{"href":"https:\/\/delphin-duisburg.de\/index.php?rest_route=\/wp\/v2\/types\/page"}],"author":[{"embeddable":true,"href":"https:\/\/delphin-duisburg.de\/index.php?rest_route=\/wp\/v2\/users\/1"}],"replies":[{"embeddable":true,"href":"https:\/\/delphin-duisburg.de\/index.php?rest_route=%2Fwp%2Fv2%2Fcomments&post=931"}],"version-history":[{"count":15,"href":"https:\/\/delphin-duisburg.de\/index.php?rest_route=\/wp\/v2\/pages\/931\/revisions"}],"predecessor-version":[{"id":958,"href":"https:\/\/delphin-duisburg.de\/index.php?rest_route=\/wp\/v2\/pages\/931\/revisions\/958"}],"wp:attachment":[{"href":"https:\/\/delphin-duisburg.de\/index.php?rest_route=%2Fwp%2Fv2%2Fmedia&parent=931"}],"wp:term":[{"taxonomy":"category","embeddable":true,"href":"https:\/\/delphin-duisburg.de\/index.php?rest_route=%2Fwp%2Fv2%2Fcategories&post=931"},{"taxonomy":"post_tag","embeddable":true,"href":"https:\/\/delphin-duisburg.de\/index.php?rest_route=%2Fwp%2Fv2%2Ftags&post=931"},{"taxonomy":"folder","embeddable":true,"href":"https:\/\/delphin-duisburg.de\/index.php?rest_route=%2Fwp%2Fv2%2Ffolder&post=931"}],"curies":[{"name":"wp","href":"https:\/\/api.w.org\/{rel}","templated":true}]}}